{"id":6543,"date":"2018-12-12T10:10:39","date_gmt":"2018-12-12T09:10:39","guid":{"rendered":"http:\/\/yes-we-call.com\/index.php\/?page_id=6543"},"modified":"2018-12-12T10:20:40","modified_gmt":"2018-12-12T09:20:40","slug":"mentions-legales","status":"publish","type":"page","link":"http:\/\/yes-we-call.com\/index.php\/mentions-legales\/","title":{"rendered":"Mentions L\u00e9gales"},"content":{"rendered":"<p>[et_pb_section bb_built=\u00a0\u00bb1&Prime;][et_pb_row][et_pb_column type=\u00a0\u00bb4_4&Prime;][et_pb_text _builder_version=\u00a0\u00bb3.18.4&Prime;]<\/p>\n<h2>INFORMATIONS<\/h2>\n<p>Le site www.yes-we-call.com est \u00e9dit\u00e9 par :<\/p>\n<p>E+A Consultants<br \/>\n24 Route de Lorry<br \/>\n57050 METZ<br \/>\nSAS Au capital de 115 000 \u20ac<\/p>\n<p>RCS : Metz B 405 297 847<\/p>\n<p>Siret : 40529784700015<\/p>\n<p>TVA : FR 08405297847<\/p>\n<h3>HEBERGEMENT<\/h3>\n<p>1&amp;1 Internet SARL<br \/>\n7, place de la Gare<br \/>\nBP 70109<br \/>\n57201 Sarreguemines Cedex<\/p>\n<p>Directeur de la publication : Sylvie Schreiber<\/p>\n<p>&nbsp;<\/p>\n<h4>DONN\u00c9ES PERSONNELLES<\/h4>\n<p>Aucune information personnelle vous concernant n\u2019est utilis\u00e9e \u00e0 des fins non pr\u00e9vues. Conform\u00e9ment \u00e0 la loi Informatique et Libert\u00e9s, vous disposez d\u2019un droit d\u2019acc\u00e8s, de modification et de suppression des donn\u00e9es qui vous concernent.<\/p>\n<h4><\/h4>\n<h4>PROPRI\u00c9T\u00c9 INTELLECTUELLE<\/h4>\n<p>E+A Consultants est propri\u00e9taire des droits de propri\u00e9t\u00e9 intellectuelle ou d\u00e9tient les droits d\u2019usage sur tous les \u00e9l\u00e9ments accessibles sur le site, notamment les textes, images, graphismes, logo, ic\u00f4nes, sons, logiciels.<\/p>\n<p>Toute reproduction, repr\u00e9sentation, modification, publication, adaptation de tout ou partie des \u00e9l\u00e9ments du site, quel que soit le moyen ou le proc\u00e9d\u00e9 utilis\u00e9, n\u2019est autoris\u00e9e qu\u2019\u00e0 des fins personnelles et en aucune mani\u00e8re \u00e0 des fins commerciales. L\u2019utilisateur est seul responsable de l\u2019utilisation des informations figurant sur ce site. Toute exploitation non autoris\u00e9e du site est interdite sans autorisation pr\u00e9alable et \u00e9crite de E+A Consultants.<\/p>\n<p>[\/et_pb_text][\/et_pb_column][\/et_pb_row][\/et_pb_section]<\/p>\n","protected":false},"excerpt":{"rendered":"<p>[et_pb_section bb_built=\u00a0\u00bb1&Prime;][et_pb_row][et_pb_column type=\u00a0\u00bb4_4&Prime;][et_pb_text _builder_version=\u00a0\u00bb3.18.4&Prime;] INFORMATIONS Le site www.yes-we-call.com est \u00e9dit\u00e9 par : E+A Consultants 24 Route de Lorry 57050 METZ SAS Au capital de 115 000 \u20ac RCS : Metz B 405 297 847 Siret : 40529784700015 TVA : FR 08405297847 HEBERGEMENT 1&amp;1 Internet SARL 7, place de la Gare BP 70109 57201 Sarreguemines Cedex [&hellip;]<\/p>\n","protected":false},"author":2,"featured_media":0,"parent":0,"menu_order":0,"comment_status":"closed","ping_status":"closed","template":"","meta":{"_et_pb_use_builder":"on","_et_pb_old_content":"INFORMATIONS\r\nLe site www.pourquoietcomment.fr est \u00e9dit\u00e9 par :\r\n\r\nE+A Consultants\r\n24 Route de Lorry\r\n57050 METZ\r\nSAS Au capital de 115 000 \u20ac\r\n\r\nRCS : Metz B 405 297 847\r\n\r\nSiret : 40529784700015\r\n\r\nTVA : FR 08405297847\r\n\r\nHEBERGEMENT\r\n1&1 Internet SARL\r\n7, place de la Gare\r\nBP 70109\r\n57201 Sarreguemines Cedex\r\n\r\nDirecteur de la publication : Sylvie Schreiber\r\n\r\nWEBMASTER :\r\nDIGILOR COMMUNICATION\r\n73 rue des Quatre Eglises\r\n54000 NANCY\r\nwww.digilor-communication.fr\r\n\r\nDONN\u00c9ES PERSONNELLES\r\nAucune information personnelle vous concernant n\u2019est utilis\u00e9e \u00e0 des fins non pr\u00e9vues. Conform\u00e9ment \u00e0 la loi Informatique et Libert\u00e9s, vous disposez d\u2019un droit d\u2019acc\u00e8s, de modification et de suppression des donn\u00e9es qui vous concernent.\r\n\r\nPROPRI\u00c9T\u00c9 INTELLECTUELLE\r\nE+A Consultants est propri\u00e9taire des droits de propri\u00e9t\u00e9 intellectuelle ou d\u00e9tient les droits d\u2019usage sur tous les \u00e9l\u00e9ments accessibles sur le site, notamment les textes, images, graphismes, logo, ic\u00f4nes, sons, logiciels.\r\n\r\nToute reproduction, repr\u00e9sentation, modification, publication, adaptation de tout ou partie des \u00e9l\u00e9ments du site, quel que soit le moyen ou le proc\u00e9d\u00e9 utilis\u00e9, n\u2019est autoris\u00e9e qu\u2019\u00e0 des fins personnelles et en aucune mani\u00e8re \u00e0 des fins commerciales. L\u2019utilisateur est seul responsable de l\u2019utilisation des informations figurant sur ce site. Toute exploitation non autoris\u00e9e du site est interdite sans autorisation pr\u00e9alable et \u00e9crite de E+A Consultants.","_et_gb_content_width":""},"_links":{"self":[{"href":"http:\/\/yes-we-call.com\/index.php\/wp-json\/wp\/v2\/pages\/6543"}],"collection":[{"href":"http:\/\/yes-we-call.com\/index.php\/wp-json\/wp\/v2\/pages"}],"about":[{"href":"http:\/\/yes-we-call.com\/index.php\/wp-json\/wp\/v2\/types\/page"}],"author":[{"embeddable":true,"href":"http:\/\/yes-we-call.com\/index.php\/wp-json\/wp\/v2\/users\/2"}],"replies":[{"embeddable":true,"href":"http:\/\/yes-we-call.com\/index.php\/wp-json\/wp\/v2\/comments?post=6543"}],"version-history":[{"count":6,"href":"http:\/\/yes-we-call.com\/index.php\/wp-json\/wp\/v2\/pages\/6543\/revisions"}],"predecessor-version":[{"id":6550,"href":"http:\/\/yes-we-call.com\/index.php\/wp-json\/wp\/v2\/pages\/6543\/revisions\/6550"}],"wp:attachment":[{"href":"http:\/\/yes-we-call.com\/index.php\/wp-json\/wp\/v2\/media?parent=6543"}],"curies":[{"name":"wp","href":"https:\/\/api.w.org\/{rel}","templated":true}]}}